{"id":32,"date":"2022-12-14T14:05:28","date_gmt":"2022-12-14T13:05:28","guid":{"rendered":"http:\/\/solidarilait.ateliercommun.fr\/?page_id=32"},"modified":"2026-03-24T10:58:29","modified_gmt":"2026-03-24T09:58:29","slug":"accueil","status":"publish","type":"page","link":"https:\/\/www.solidarilait-bearn.org\/","title":{"rendered":""},"content":{"rendered":"[et_pb_section fb_built=&#8221;1&#8243; admin_label=&#8221;section&#8221; _builder_version=&#8221;3.22.7&#8243; background_image=&#8221;http:\/\/www.solidarilait-bearn.org\/wp-content\/uploads\/2022\/12\/slider-1.png&#8221; custom_padding=&#8221;||395px|||&#8221;][et_pb_row admin_label=&#8221;row&#8221; _builder_version=&#8221;3.22.3&#8243; background_size=&#8221;initial&#8221; background_position=&#8221;top_left&#8221; background_repeat=&#8221;repeat&#8221;][et_pb_column type=&#8221;4_4&#8243; _builder_version=&#8221;3.0.47&#8243;][et_pb_text admin_label=&#8221;Text&#8221; _builder_version=&#8221;3.22.7&#8243; text_font=&#8221;||||||||&#8221; text_text_color=&#8221;#4f9ed3&#8243; text_font_size=&#8221;19px&#8221; header_font=&#8221;|800|||||||&#8221; header_font_size=&#8221;48px&#8221; header_letter_spacing=&#8221;-2px&#8221; header_4_font=&#8221;|600||on|||||&#8221; header_4_text_color=&#8221;#4f9ed3&#8243; header_4_letter_spacing=&#8221;1px&#8221; background_size=&#8221;initial&#8221; background_position=&#8221;top_left&#8221; background_repeat=&#8221;repeat&#8221; custom_margin=&#8221;293px|||||&#8221;]<h1 style=\"text-align: center;\">Association de soutien<br \/> \u00e0 l&#8217;allaitement maternel en B\u00e9arn<\/h1>\n<h4 style=\"text-align: center;\">\u00c9COUTE T\u00c9L\u00c9PHONIQUE, R\u00c9UNIONS &amp; RENCONTRE<\/h4>[\/et_pb_text][\/et_pb_column][\/et_pb_row][\/et_pb_section][et_pb_section fb_built=&#8221;1&#8243; _builder_version=&#8221;3.22.7&#8243; custom_padding=&#8221;3px||100px|||&#8221;][et_pb_row custom_padding=&#8221;0px|||||&#8221; _builder_version=&#8221;3.22.7&#8243;][et_pb_column type=&#8221;4_4&#8243; _builder_version=&#8221;3.22.7&#8243;][et_pb_text _builder_version=&#8221;3.22.7&#8243; header_font=&#8221;||||||||&#8221; header_6_font=&#8221;||||||||&#8221; header_6_text_color=&#8221;#aaaaaa&#8221; header_6_font_size=&#8221;12px&#8221; header_6_letter_spacing=&#8221;1px&#8221; custom_margin=&#8221;12px|||||&#8221; custom_padding=&#8221;0px|||||&#8221;]<h6 style=\"text-align: center;\">SOLIDARILAIT B\u00c9ARN EST UNE ASSOCIATION LOI 1901 ET UNE ANTENNE DU R\u00c9SEAU NATIONAL SOLIDARILAIT<\/h6>[\/et_pb_text][\/et_pb_column][\/et_pb_row][et_pb_row custom_padding=&#8221;|4.8%|2px|4.8%||&#8221; _builder_version=&#8221;3.22.7&#8243;][et_pb_column type=&#8221;4_4&#8243; _builder_version=&#8221;3.22.7&#8243;][et_pb_text _builder_version=&#8221;3.22.7&#8243; header_font=&#8221;||||||||&#8221; header_2_font=&#8221;||||||||&#8221; header_2_text_color=&#8221;#4f9ed3&#8243; header_2_font_size=&#8221;36px&#8221;]<h2 style=\"text-align: center;\">Nos b\u00e9n\u00e9voles sont l\u00e0 pour vous informer sur l&#8217;allaitement maternel, vous soutenir ou vous aider \u00e0 \u00e9laborer votre projet pour nourrir votre ou vos b\u00e9b\u00e9s.<\/h2>[\/et_pb_text][et_pb_text _builder_version=&#8221;3.22.7&#8243; text_font=&#8221;||||||||&#8221; text_font_size=&#8221;20px&#8221; custom_padding=&#8221;||0px|||&#8221;]<p><\/p>\n<p class=\"has-text-align-center\" style=\"text-align: center;\">Elles pourront aussi vous guider face \u00e0 certaines difficult\u00e9s.<\/p>\n<p class=\"has-text-align-center\" style=\"text-align: center;\">Chaque famille \u00e9tant diff\u00e9rente, l\u2019\u00e9quipe vous accompagnera de mani\u00e8re respectueuse dans la voie que vous choisirez : soit par le biais d\u2019\u00e9changes t\u00e9l\u00e9phoniques, soit en pr\u00e9sentiel lors d&#8217;une des r\u00e9unions mensuelles \u00e0 Pau ou Soumoulou.<\/p>\n<p><\/p>[\/et_pb_text][\/et_pb_column][\/et_pb_row][et_pb_row custom_padding=&#8221;|5%||5%&#8221; _builder_version=&#8221;3.22.7&#8243;][et_pb_column type=&#8221;1_2&#8243; _builder_version=&#8221;3.22.7&#8243;][et_pb_button button_url=&#8221;https:\/\/www.solidarilait-bearn.org\/index.php\/reunions-rencontres\/&#8221; button_text=&#8221;Dates des r\u00e9unions&#8221; button_alignment=&#8221;center&#8221; _builder_version=&#8221;3.22.7&#8243;][\/et_pb_button][\/et_pb_column][et_pb_column type=&#8221;1_2&#8243; _builder_version=&#8221;3.22.7&#8243;][et_pb_button button_url=&#8221;https:\/\/www.solidarilait-bearn.org\/index.php\/ecoute-telephonique\/&#8221; button_text=&#8221;J&#8217;appelle une b\u00e9n\u00e9vole&#8221; button_alignment=&#8221;center&#8221; _builder_version=&#8221;3.22.7&#8243;][\/et_pb_button][\/et_pb_column][\/et_pb_row][\/et_pb_section][et_pb_section fb_built=&#8221;1&#8243; _builder_version=&#8221;3.22.7&#8243; background_image=&#8221;http:\/\/www.solidarilait-bearn.org\/wp-content\/uploads\/2022\/12\/fond.png&#8221; background_size=&#8221;initial&#8221; background_repeat=&#8221;repeat&#8221;][et_pb_row use_custom_gutter=&#8221;on&#8221; gutter_width=&#8221;2&#8243; custom_padding=&#8221;3px|||||&#8221; custom_margin=&#8221;|||&#8221; make_equal=&#8221;on&#8221; background_color_1=&#8221;#ffffff&#8221; background_color_2=&#8221;#ffffff&#8221; padding_right_1=&#8221;3%&#8221; padding_right_2=&#8221;3%&#8221; padding_left_1=&#8221;3%&#8221; padding_left_2=&#8221;3%&#8221; _builder_version=&#8221;3.22.7&#8243;][et_pb_column type=&#8221;1_2&#8243; _builder_version=&#8221;3.22.7&#8243;][et_pb_text _builder_version=&#8221;3.22.7&#8243; text_font=&#8221;||||||||&#8221; text_font_size=&#8221;20px&#8221; header_font=&#8221;||||||||&#8221; custom_padding=&#8221;5%||5%&#8221; link_option_url=&#8221;http:\/\/solidarilait.ateliercommun.fr\/index.php\/evenements\/&#8221;]<p style=\"text-align: center;\">Retrouvez les actualit\u00e9s de Solidarilait B\u00e9arn sur la page <a href=\"http:\/\/solidarilait.ateliercommun.fr\/index.php\/evenements\/\">\u00c9v\u00e9nements<\/a><\/p>[\/et_pb_text][\/et_pb_column][et_pb_column type=&#8221;1_2&#8243; _builder_version=&#8221;3.22.7&#8243;][et_pb_text _builder_version=&#8221;3.22.7&#8243; text_font=&#8221;||||||||&#8221; text_font_size=&#8221;20px&#8221; custom_padding=&#8221;5%||5%&#8221;]<p style=\"text-align: center;\">En qu\u00eate d&#8217;informations de confiance sur l&#8217;allaitement maternel, la sant\u00e9 de l&#8217;enfant ou des m\u00e8res ? RDV sur la page <a href=\"http:\/\/solidarilait.ateliercommun.fr\/index.php\/ressources\/\">Ressources<\/a><\/p>[\/et_pb_text][\/et_pb_column][\/et_pb_row][\/et_pb_section][et_pb_section fb_built=&#8221;1&#8243; _builder_version=&#8221;3.22.7&#8243;][et_pb_row _builder_version=&#8221;3.22.7&#8243;][et_pb_column type=&#8221;4_4&#8243; _builder_version=&#8221;3.22.7&#8243;][et_pb_image src=&#8221;http:\/\/www.solidarilait-bearn.org\/wp-content\/uploads\/2026\/03\/solidarilait_dons-scaled.jpg&#8221; _builder_version=&#8221;3.22.7&#8243; custom_padding=&#8221;||0px|||&#8221; width=&#8221;50%&#8221; align=&#8221;center&#8221;][\/et_pb_image][et_pb_text _builder_version=&#8221;3.22.7&#8243; header_font=&#8221;||||||||&#8221; header_2_font=&#8221;||||||||&#8221; header_2_text_color=&#8221;#4f9ed3&#8243; header_2_font_size=&#8221;36px&#8221; custom_margin=&#8221;||0px|||&#8221;]<h2 style=\"text-align: center;\">Soutenez Solidarilait B\u00e9arn sur helloasso<\/h2>[\/et_pb_text][et_pb_text _builder_version=&#8221;3.22.7&#8243; custom_margin=&#8221;||13px|||&#8221;]<p style=\"text-align: center;\">Solidarilait B\u00e9arn est une association et vit gr\u00e2ce aux subventions, mais aussi gr\u00e2ce \u00e0 vos dons.<br \/>Si vous voulez nous soutenir, n&#8217;h\u00e9sitez pas \u00e0 en faire un via helloasso.<\/p>[\/et_pb_text][et_pb_button button_url=&#8221;https:\/\/www.helloasso.com\/associations\/solidarilait-bearn\/formulaires\/3&#8243; button_text=&#8221;Faire un don via helloasso&#8221; button_alignment=&#8221;center&#8221; _builder_version=&#8221;3.22.7&#8243; custom_button=&#8221;on&#8221; button_text_color=&#8221;#ffffff&#8221; button_bg_color=&#8221;#2c9ed8&#8243; button_font=&#8221;||||||||&#8221;][\/et_pb_button][\/et_pb_column][\/et_pb_row][\/et_pb_section][et_pb_section fb_built=&#8221;1&#8243; _builder_version=&#8221;3.22.7&#8243; background_image=&#8221;http:\/\/www.solidarilait-bearn.org\/wp-content\/uploads\/2022\/12\/fond.png&#8221; background_size=&#8221;initial&#8221; background_repeat=&#8221;repeat&#8221;][et_pb_row use_custom_gutter=&#8221;on&#8221; gutter_width=&#8221;2&#8243; custom_padding=&#8221;3px|||||&#8221; custom_margin=&#8221;|||&#8221; make_equal=&#8221;on&#8221; background_color_1=&#8221;#ffffff&#8221; background_color_2=&#8221;#ffffff&#8221; padding_right_1=&#8221;3%&#8221; padding_right_2=&#8221;3%&#8221; padding_left_1=&#8221;3%&#8221; padding_left_2=&#8221;3%&#8221; _builder_version=&#8221;3.22.7&#8243; background_color=&#8221;#ffffff&#8221;][et_pb_column type=&#8221;1_2&#8243; _builder_version=&#8221;3.22.7&#8243;][et_pb_text _builder_version=&#8221;3.22.7&#8243; header_font=&#8221;||||||||&#8221; header_2_font=&#8221;||||||||&#8221; header_2_text_color=&#8221;#4f9ed3&#8243; header_2_font_size=&#8221;36px&#8221; custom_margin=&#8221;||0px|||&#8221; custom_padding=&#8221;51px|||||&#8221;]<h2 style=\"text-align: center;\">Suivez-nous<br \/> sur Instagram<\/h2>[\/et_pb_text][et_pb_text _builder_version=&#8221;3.22.7&#8243; text_font=&#8221;||||||||&#8221; text_font_size=&#8221;20px&#8221; header_font=&#8221;||||||||&#8221; custom_padding=&#8221;5%||5%&#8221; link_option_url=&#8221;http:\/\/solidarilait.ateliercommun.fr\/index.php\/evenements\/&#8221;]<p style=\"text-align: center;\">Solidarilait B\u00e9arn est sur Instagram ! <br \/>Retrouvez nos actualit\u00e9s et \u00e9v\u00e8nements.<\/p>[\/et_pb_text][et_pb_button button_url=&#8221;https:\/\/www.instagram.com\/solidarilait64\/&#8221; button_text=&#8221;Suivre sur Instagram&#8221; button_alignment=&#8221;center&#8221; _builder_version=&#8221;3.22.7&#8243; custom_button=&#8221;on&#8221; button_text_color=&#8221;#ffffff&#8221; button_bg_color=&#8221;#2c9ed8&#8243; button_font=&#8221;||||||||&#8221;][\/et_pb_button][\/et_pb_column][et_pb_column type=&#8221;1_2&#8243; _builder_version=&#8221;3.22.7&#8243;][et_pb_image min_height=&#8221;167.5px&#8221; src=&#8221;http:\/\/www.solidarilait-bearn.org\/wp-content\/uploads\/2026\/03\/solidarilait-instagram.png&#8221; _builder_version=&#8221;3.22.7&#8243; custom_margin=&#8221;30px||&#8221;][\/et_pb_image][\/et_pb_column][\/et_pb_row][\/et_pb_section][et_pb_section fb_built=&#8221;1&#8243; _builder_version=&#8221;3.22.7&#8243;][et_pb_row _builder_version=&#8221;3.22.7&#8243;][et_pb_column type=&#8221;4_4&#8243; _builder_version=&#8221;3.22.7&#8243;][et_pb_text _builder_version=&#8221;3.22.7&#8243; header_font=&#8221;||||||||&#8221; header_2_font=&#8221;||||||||&#8221; header_2_text_color=&#8221;#4f9ed3&#8243; header_2_font_size=&#8221;36px&#8221; custom_margin=&#8221;||0px|||&#8221;]<h2 style=\"text-align: center;\">Nos Partenaires<\/h2>[\/et_pb_text][et_pb_text _builder_version=&#8221;3.22.7&#8243;]<p style=\"text-align: center;\">Solidarilait B\u00e9arn a le soutien du Conseil D\u00e9partemental des Pyr\u00e9n\u00e9es Atlantiques au titre de la PMI, l&#8217;Agence R\u00e9gionale de Sant\u00e9, le centre de formation Co-Na\u00eetre, ainsi que le cabinet de sage-femme de Soumoulou<\/p>[\/et_pb_text][\/et_pb_column][\/et_pb_row][et_pb_row _builder_version=&#8221;3.22.7&#8243; width=&#8221;100%&#8221; max_width=&#8221;1200px&#8221;][et_pb_column type=&#8221;1_5&#8243; _builder_version=&#8221;3.22.7&#8243;][\/et_pb_column][et_pb_column type=&#8221;1_5&#8243; _builder_version=&#8221;3.22.7&#8243;][et_pb_image src=&#8221;http:\/\/www.solidarilait-bearn.org\/wp-content\/uploads\/2022\/12\/partenaires_conseildepartemental.png&#8221; align=&#8221;center&#8221; _builder_version=&#8221;3.22.7&#8243; custom_padding=&#8221;|40px||40px&#8221;][\/et_pb_image][\/et_pb_column][et_pb_column type=&#8221;1_5&#8243; _builder_version=&#8221;3.22.7&#8243;][et_pb_image src=&#8221;http:\/\/www.solidarilait-bearn.org\/wp-content\/uploads\/2022\/12\/partenaires_ars.png&#8221; _builder_version=&#8221;3.22.7&#8243;][\/et_pb_image][\/et_pb_column][et_pb_column type=&#8221;1_5&#8243; _builder_version=&#8221;3.22.7&#8243;][et_pb_image src=&#8221;http:\/\/www.solidarilait-bearn.org\/wp-content\/uploads\/2022\/12\/partenaires_co-naitre.png&#8221; _builder_version=&#8221;3.22.7&#8243;][\/et_pb_image][\/et_pb_column][et_pb_column type=&#8221;1_5&#8243; _builder_version=&#8221;3.22.7&#8243;][\/et_pb_column][\/et_pb_row][\/et_pb_section]","protected":false},"excerpt":{"rendered":"<p>[et_pb_section fb_built=&#8221;1&#8243; admin_label=&#8221;section&#8221; _builder_version=&#8221;3.22.7&#8243; background_image=&#8221;http:\/\/www.solidarilait-bearn.org\/wp-content\/uploads\/2022\/12\/slider-1.png&#8221; custom_padding=&#8221;||395px|||&#8221;][et_pb_row admin_label=&#8221;row&#8221; _builder_version=&#8221;3.22.3&#8243; background_size=&#8221;initial&#8221; background_position=&#8221;top_left&#8221; background_repeat=&#8221;repeat&#8221;][et_pb_column type=&#8221;4_4&#8243; _builder_version=&#8221;3.0.47&#8243;][et_pb_text admin_label=&#8221;Text&#8221; _builder_version=&#8221;3.22.7&#8243; text_font=&#8221;||||||||&#8221; text_text_color=&#8221;#4f9ed3&#8243; text_font_size=&#8221;19px&#8221; header_font=&#8221;|800|||||||&#8221; header_font_size=&#8221;48px&#8221; header_letter_spacing=&#8221;-2px&#8221; header_4_font=&#8221;|600||on|||||&#8221; header_4_text_color=&#8221;#4f9ed3&#8243; header_4_letter_spacing=&#8221;1px&#8221; background_size=&#8221;initial&#8221; background_position=&#8221;top_left&#8221; background_repeat=&#8221;repeat&#8221; custom_margin=&#8221;293px|||||&#8221;] Association de soutien \u00e0 l&#8217;allaitement maternel en B\u00e9arn \u00c9COUTE T\u00c9L\u00c9PHONIQUE, R\u00c9UNIONS &amp; RENCONTRE [\/et_pb_text][\/et_pb_column][\/et_pb_row][\/et_pb_section][et_pb_section fb_built=&#8221;1&#8243; _builder_version=&#8221;3.22.7&#8243; custom_padding=&#8221;3px||100px|||&#8221;][et_pb_row custom_padding=&#8221;0px|||||&#8221; _builder_version=&#8221;3.22.7&#8243;][et_pb_column type=&#8221;4_4&#8243; _builder_version=&#8221;3.22.7&#8243;][et_pb_text _builder_version=&#8221;3.22.7&#8243; header_font=&#8221;||||||||&#8221; header_6_font=&#8221;||||||||&#8221; header_6_text_color=&#8221;#aaaaaa&#8221; header_6_font_size=&#8221;12px&#8221; header_6_letter_spacing=&#8221;1px&#8221; [&hellip;]<\/p>\n","protected":false},"author":2,"featured_media":0,"parent":0,"menu_order":0,"comment_status":"closed","ping_status":"closed","template":"","meta":{"_et_pb_use_builder":"on","_et_pb_old_content":"<!-- wp:cover {\"url\":\"http:\/\/solidarilait.ateliercommun.fr\/wp-content\/uploads\/2022\/12\/slider-1.png\",\"id\":50,\"dimRatio\":0,\"minHeight\":100,\"minHeightUnit\":\"vh\",\"contentPosition\":\"center center\",\"isDark\":false,\"style\":{\"color\":{}}} -->\n<div class=\"wp-block-cover is-light\" style=\"min-height:100vh\"><span aria-hidden=\"true\" class=\"wp-block-cover__background has-background-dim-0 has-background-dim\"><\/span><img class=\"wp-block-cover__image-background wp-image-50\" alt=\"\" src=\"http:\/\/solidarilait.ateliercommun.fr\/wp-content\/uploads\/2022\/12\/slider-1.png\" data-object-fit=\"cover\"\/><div class=\"wp-block-cover__inner-container\"><!-- wp:heading {\"textAlign\":\"center\",\"level\":1,\"style\":{\"typography\":{\"fontStyle\":\"normal\",\"fontWeight\":\"900\"}}} -->\n<h1 class=\"has-text-align-center\" style=\"font-style:normal;font-weight:900\">Association de soutien \u00e0 l'allaitement maternel en B\u00e9arn<\/h1>\n<!-- \/wp:heading -->\n\n<!-- wp:paragraph {\"align\":\"center\"} -->\n<p class=\"has-text-align-center\"><mark style=\"background-color:rgba(0, 0, 0, 0);color:#4f9ed3\" class=\"has-inline-color\"><strong>\u00c9COUTE T\u00c9L\u00c9PHONIQUE, R\u00c9UNIONS &amp; RENCONTRES<\/strong><\/mark><\/p>\n<!-- \/wp:paragraph --><\/div><\/div>\n<!-- \/wp:cover -->\n\n<!-- wp:paragraph {\"align\":\"center\",\"fontSize\":\"small\"} -->\n<p class=\"has-text-align-center has-small-font-size\">SOLIDARILAIT B\u00c9ARN EST UNE ASSOCIATION LOI 1901 ET UNE ANTENNE DU R\u00c9SEAU NATIONAL SOLIDARILAIT<\/p>\n<!-- \/wp:paragraph -->\n\n<!-- wp:spacer {\"height\":\"50px\"} -->\n<div style=\"height:50px\" aria-hidden=\"true\" class=\"wp-block-spacer\"><\/div>\n<!-- \/wp:spacer -->\n\n<!-- wp:heading {\"textAlign\":\"center\"} -->\n<h2 class=\"has-text-align-center\">Nos b\u00e9n\u00e9voles sont l\u00e0 pour vous informer sur l'allaitement maternel, vous soutenir ou vous aider \u00e0 \u00e9laborer votre projet pour nourrir votre ou vos b\u00e9b\u00e9s.<\/h2>\n<!-- \/wp:heading -->\n\n<!-- wp:paragraph {\"align\":\"center\"} -->\n<p class=\"has-text-align-center\">Elles pourront aussi vous guider face \u00e0 certaines difficult\u00e9s.<\/p>\n<!-- \/wp:paragraph -->\n\n<!-- wp:paragraph {\"align\":\"center\"} -->\n<p class=\"has-text-align-center\">Chaque famille \u00e9tant diff\u00e9rente, l\u2019\u00e9quipe vous accompagne de mani\u00e8re respectueuse dans la voie que vous choisirez soit par le biais d\u2019\u00e9changes t\u00e9l\u00e9phoniques, soit en pr\u00e9sentiel lors d'une des r\u00e9unions mensuelles \u00e0 Pau ou Soumoulou.<\/p>\n<!-- \/wp:paragraph -->\n\n<!-- wp:spacer {\"height\":\"60px\"} -->\n<div style=\"height:60px\" aria-hidden=\"true\" class=\"wp-block-spacer\"><\/div>\n<!-- \/wp:spacer -->\n\n<!-- wp:separator -->\n<hr class=\"wp-block-separator has-alpha-channel-opacity\"\/>\n<!-- \/wp:separator -->\n\n<!-- wp:paragraph -->\n<p><\/p>\n<!-- \/wp:paragraph -->","footnotes":""},"class_list":["post-32","page","type-page","status-publish","hentry"],"_links":{"self":[{"href":"https:\/\/www.solidarilait-bearn.org\/index.php\/wp-json\/wp\/v2\/pages\/32","targetHints":{"allow":["GET"]}}],"collection":[{"href":"https:\/\/www.solidarilait-bearn.org\/index.php\/wp-json\/wp\/v2\/pages"}],"about":[{"href":"https:\/\/www.solidarilait-bearn.org\/index.php\/wp-json\/wp\/v2\/types\/page"}],"author":[{"embeddable":true,"href":"https:\/\/www.solidarilait-bearn.org\/index.php\/wp-json\/wp\/v2\/users\/2"}],"replies":[{"embeddable":true,"href":"https:\/\/www.solidarilait-bearn.org\/index.php\/wp-json\/wp\/v2\/comments?post=32"}],"version-history":[{"count":7,"href":"https:\/\/www.solidarilait-bearn.org\/index.php\/wp-json\/wp\/v2\/pages\/32\/revisions"}],"predecessor-version":[{"id":265,"href":"https:\/\/www.solidarilait-bearn.org\/index.php\/wp-json\/wp\/v2\/pages\/32\/revisions\/265"}],"wp:attachment":[{"href":"https:\/\/www.solidarilait-bearn.org\/index.php\/wp-json\/wp\/v2\/media?parent=32"}],"curies":[{"name":"wp","href":"https:\/\/api.w.org\/{rel}","templated":true}]}}