{"id":16,"date":"2022-12-14T13:42:55","date_gmt":"2022-12-14T12:42:55","guid":{"rendered":"http:\/\/solidarilait.ateliercommun.fr\/?page_id=16"},"modified":"2026-03-24T10:13:41","modified_gmt":"2026-03-24T09:13:41","slug":"ecoute-telephonique","status":"publish","type":"page","link":"https:\/\/www.solidarilait-bearn.org\/index.php\/ecoute-telephonique\/","title":{"rendered":"\u00c9coute t\u00e9l\u00e9phonique"},"content":{"rendered":"[et_pb_section fb_built=&#8221;1&#8243; admin_label=&#8221;section&#8221; _builder_version=&#8221;3.22.3&#8243;][et_pb_row custom_padding=&#8221;2px|||||&#8221; admin_label=&#8221;row&#8221; _builder_version=&#8221;3.22.3&#8243; background_size=&#8221;initial&#8221; background_position=&#8221;top_left&#8221; background_repeat=&#8221;repeat&#8221;][et_pb_column type=&#8221;4_4&#8243; _builder_version=&#8221;3.0.47&#8243;][et_pb_post_title meta=&#8221;off&#8221; _builder_version=&#8221;3.22.7&#8243; title_font=&#8221;|700|||||||&#8221; title_font_size=&#8221;36px&#8221; title_letter_spacing=&#8221;-1px&#8221; custom_margin=&#8221;||0px|||&#8221;][\/et_pb_post_title][et_pb_text admin_label=&#8221;Text&#8221; _builder_version=&#8221;3.22.7&#8243; text_font=&#8221;||||||||&#8221; text_font_size=&#8221;20px&#8221; background_size=&#8221;initial&#8221; background_position=&#8221;top_left&#8221; background_repeat=&#8221;repeat&#8221; custom_padding=&#8221;0px|||||&#8221;]<p><\/p>\n<p>Nos b\u00e9n\u00e9voles sont \u00e0 votre \u00e9coute 7j\/7j mais peuvent \u00eatre indisponibles au moment o\u00f9 vous les contactez\u00a0: laissez alors un message pour que l\u2019on vous rappelle ou composez un autre num\u00e9ro.<\/p>\n<p><\/p>\n<p><\/p>\n<figure class=\"wp-block-table is-style-stripes\">\n<table>\n<tbody>\n<tr>\n<td class=\"has-text-align-center\" data-align=\"center\">Fabienne<\/td>\n<td class=\"has-text-align-center\" data-align=\"center\">05 59 53 22 97<\/td>\n<\/tr>\n<tr>\n<td class=\"has-text-align-center\" data-align=\"center\">Nad\u00e8ge<\/td>\n<td class=\"has-text-align-center\" data-align=\"center\">05 59 06 91 73<\/td>\n<\/tr>\n<tr>\n<td class=\"has-text-align-center\" data-align=\"center\">Val\u00e9rie<\/td>\n<td class=\"has-text-align-center\" data-align=\"center\">06 71 93 69 46<\/td>\n<\/tr>\n<tr>\n<td class=\"has-text-align-center\" data-align=\"center\">Magalie<\/td>\n<td class=\"has-text-align-center\" data-align=\"center\">06 60 45 08 96<\/td>\n<\/tr>\n<tr>\n<td class=\"has-text-align-center\" data-align=\"center\">Coraline<\/td>\n<td class=\"has-text-align-center\" data-align=\"center\">06 20 49 62 69<\/td>\n<\/tr>\n<tr>\n<td class=\"has-text-align-center\" data-align=\"center\">Christine<\/td>\n<td class=\"has-text-align-center\" data-align=\"center\">06 82 40 53 55<\/td>\n<\/tr>\n<tr>\n<td class=\"has-text-align-center\" data-align=\"center\">Murielle<\/td>\n<td class=\"has-text-align-center\" data-align=\"center\">06 88 88 73 67<\/td>\n<\/tr>\n<tr>\n<td class=\"has-text-align-center\" data-align=\"center\">Cl\u00e9mence<\/td>\n<td class=\"has-text-align-center\" data-align=\"center\">06 70 02 35 04<\/td>\n<\/tr>\n<tr>\n<td class=\"has-text-align-center\" data-align=\"center\">Chantal<\/td>\n<td class=\"has-text-align-center\" data-align=\"center\">06 72 26 16 61<\/td>\n<\/tr>\n<\/tbody>\n<\/table>\n<\/figure>\n<p><\/p>[\/et_pb_text][\/et_pb_column][\/et_pb_row][\/et_pb_section]","protected":false},"excerpt":{"rendered":"<p>[et_pb_section fb_built=&#8221;1&#8243; admin_label=&#8221;section&#8221; _builder_version=&#8221;3.22.3&#8243;][et_pb_row custom_padding=&#8221;2px|||||&#8221; admin_label=&#8221;row&#8221; _builder_version=&#8221;3.22.3&#8243; background_size=&#8221;initial&#8221; background_position=&#8221;top_left&#8221; background_repeat=&#8221;repeat&#8221;][et_pb_column type=&#8221;4_4&#8243; _builder_version=&#8221;3.0.47&#8243;][et_pb_post_title meta=&#8221;off&#8221; _builder_version=&#8221;3.22.7&#8243; title_font=&#8221;|700|||||||&#8221; title_font_size=&#8221;36px&#8221; title_letter_spacing=&#8221;-1px&#8221; custom_margin=&#8221;||0px|||&#8221;][\/et_pb_post_title][et_pb_text admin_label=&#8221;Text&#8221; _builder_version=&#8221;3.22.7&#8243; text_font=&#8221;||||||||&#8221; text_font_size=&#8221;20px&#8221; background_size=&#8221;initial&#8221; background_position=&#8221;top_left&#8221; background_repeat=&#8221;repeat&#8221; custom_padding=&#8221;0px|||||&#8221;] Nos b\u00e9n\u00e9voles sont \u00e0 votre \u00e9coute 7j\/7j mais peuvent \u00eatre indisponibles au moment o\u00f9 vous les contactez\u00a0: laissez alors un message pour que l\u2019on vous rappelle ou composez un [&hellip;]<\/p>\n","protected":false},"author":2,"featured_media":0,"parent":0,"menu_order":0,"comment_status":"closed","ping_status":"closed","template":"","meta":{"_et_pb_use_builder":"on","_et_pb_old_content":"<!-- wp:paragraph -->\n<p>Nos b\u00e9n\u00e9voles sont \u00e0 votre \u00e9coute 7j\/7j mais peuvent \u00eatre indisponibles au moment o\u00f9 vous les contactez&nbsp;: laissez alors un message pour que l\u2019on vous rappelle ou composez un autre num\u00e9ro.<\/p>\n<!-- \/wp:paragraph -->\n\n<!-- wp:table {\"className\":\"is-style-stripes\"} -->\n<figure class=\"wp-block-table is-style-stripes\"><table><tbody><tr><td class=\"has-text-align-center\" data-align=\"center\">Fabienne&nbsp;<\/td><td class=\"has-text-align-center\" data-align=\"center\">05 59 53 22 97<\/td><\/tr><tr><td class=\"has-text-align-center\" data-align=\"center\">Nad\u00e8ge&nbsp;<\/td><td class=\"has-text-align-center\" data-align=\"center\">05 59 06 91 73<\/td><\/tr><tr><td class=\"has-text-align-center\" data-align=\"center\">Val\u00e9rie<\/td><td class=\"has-text-align-center\" data-align=\"center\">06 71 93 69 46<\/td><\/tr><tr><td class=\"has-text-align-center\" data-align=\"center\">Audrey<\/td><td class=\"has-text-align-center\" data-align=\"center\">06 50 40 74 39<\/td><\/tr><tr><td class=\"has-text-align-center\" data-align=\"center\">Sandrine<\/td><td class=\"has-text-align-center\" data-align=\"center\">06 50 50 57 21<\/td><\/tr><tr><td class=\"has-text-align-center\" data-align=\"center\">Marie-Laure<\/td><td class=\"has-text-align-center\" data-align=\"center\">06 83 41 39 48<\/td><\/tr><tr><td class=\"has-text-align-center\" data-align=\"center\">Coraline<\/td><td class=\"has-text-align-center\" data-align=\"center\">06 20 49 62 69<\/td><\/tr><tr><td class=\"has-text-align-center\" data-align=\"center\">Adeline<\/td><td class=\"has-text-align-center\" data-align=\"center\">07 60 51 24 39<\/td><\/tr><tr><td class=\"has-text-align-center\" data-align=\"center\">Christine<\/td><td class=\"has-text-align-center\" data-align=\"center\">06 82 40 53 55<\/td><\/tr><tr><td class=\"has-text-align-center\" data-align=\"center\">Murielle<\/td><td class=\"has-text-align-center\" data-align=\"center\">05 59 21 50 34<\/td><\/tr><tr><td class=\"has-text-align-center\" data-align=\"center\">Cl\u00e9mence<\/td><td class=\"has-text-align-center\" data-align=\"center\">06 70 02 35 04<\/td><\/tr><tr><td class=\"has-text-align-center\" data-align=\"center\">Chantal<\/td><td class=\"has-text-align-center\" data-align=\"center\">05 59 83 06 66<\/td><\/tr><\/tbody><\/table><\/figure>\n<!-- \/wp:table -->","footnotes":""},"class_list":["post-16","page","type-page","status-publish","hentry"],"_links":{"self":[{"href":"https:\/\/www.solidarilait-bearn.org\/index.php\/wp-json\/wp\/v2\/pages\/16","targetHints":{"allow":["GET"]}}],"collection":[{"href":"https:\/\/www.solidarilait-bearn.org\/index.php\/wp-json\/wp\/v2\/pages"}],"about":[{"href":"https:\/\/www.solidarilait-bearn.org\/index.php\/wp-json\/wp\/v2\/types\/page"}],"author":[{"embeddable":true,"href":"https:\/\/www.solidarilait-bearn.org\/index.php\/wp-json\/wp\/v2\/users\/2"}],"replies":[{"embeddable":true,"href":"https:\/\/www.solidarilait-bearn.org\/index.php\/wp-json\/wp\/v2\/comments?post=16"}],"version-history":[{"count":6,"href":"https:\/\/www.solidarilait-bearn.org\/index.php\/wp-json\/wp\/v2\/pages\/16\/revisions"}],"predecessor-version":[{"id":243,"href":"https:\/\/www.solidarilait-bearn.org\/index.php\/wp-json\/wp\/v2\/pages\/16\/revisions\/243"}],"wp:attachment":[{"href":"https:\/\/www.solidarilait-bearn.org\/index.php\/wp-json\/wp\/v2\/media?parent=16"}],"curies":[{"name":"wp","href":"https:\/\/api.w.org\/{rel}","templated":true}]}}